{"id":498,"date":"2025-09-21T12:08:10","date_gmt":"2025-09-21T12:08:10","guid":{"rendered":"https:\/\/imbur.vs.id.vn\/?page_id=498"},"modified":"2025-10-01T15:32:26","modified_gmt":"2025-10-01T15:32:26","slug":"hanh-trinh-phu-song","status":"publish","type":"page","link":"https:\/\/imbur.vs.id.vn\/?page_id=498","title":{"rendered":"H\u00c0NH TR\u00ccNH PH\u1ee6 S\u00d3NG"},"content":{"rendered":"\n\n  <div class=\"banner has-hover\" id=\"banner-635232494\">\n          <div class=\"banner-inner fill\">\n        <div class=\"banner-bg fill\" >\n            <img loading=\"lazy\" decoding=\"async\" width=\"1920\" height=\"821\" src=\"https:\/\/imbur.vs.id.vn\/wp-content\/uploads\/2025\/09\/Layer_1-1.png\" class=\"bg attachment-original size-original\" alt=\"\" \/>                                    \n                    <\/div>\n\t\t\n        <div class=\"banner-layers container\">\n            <div class=\"fill banner-link\"><\/div>            \n\n   <div id=\"text-box-1462529204\" class=\"text-box banner-layer x50 md-x50 lg-x50 y50 md-y50 lg-y50 res-text\">\n                                <div class=\"text-box-content text dark\">\n              \n              <div class=\"text-inner text-center\">\n                  \n\n\n              <\/div>\n           <\/div>\n                            \n<style>\n#text-box-1462529204 {\n  width: 60%;\n}\n#text-box-1462529204 .text-box-content {\n  font-size: 100%;\n}\n@media (min-width:550px) {\n  #text-box-1462529204 {\n    width: 60%;\n  }\n}\n<\/style>\n    <\/div>\n \n\n        <\/div>\n      <\/div>\n\n              <div class=\"height-fix is-invisible\"><img loading=\"lazy\" decoding=\"async\" width=\"1920\" height=\"821\" src=\"https:\/\/imbur.vs.id.vn\/wp-content\/uploads\/2025\/09\/Layer_1-1.png\" class=\"attachment-original size-original\" alt=\"\" srcset=\"https:\/\/imbur.vs.id.vn\/wp-content\/uploads\/2025\/09\/Layer_1-1.png 1920w, https:\/\/imbur.vs.id.vn\/wp-content\/uploads\/2025\/09\/Layer_1-1-1000x428.png 1000w, https:\/\/imbur.vs.id.vn\/wp-content\/uploads\/2025\/09\/Layer_1-1-600x257.png 600w, https:\/\/imbur.vs.id.vn\/wp-content\/uploads\/2025\/09\/Layer_1-1-800x342.png 800w, https:\/\/imbur.vs.id.vn\/wp-content\/uploads\/2025\/09\/Layer_1-1-1400x599.png 1400w, https:\/\/imbur.vs.id.vn\/wp-content\/uploads\/2025\/09\/Layer_1-1-768x328.png 768w, https:\/\/imbur.vs.id.vn\/wp-content\/uploads\/2025\/09\/Layer_1-1-1536x657.png 1536w\" sizes=\"auto, (max-width: 1920px) 100vw, 1920px\" \/><\/div>\n              <\/div>\n\n\n\n\t<section class=\"section section-hanhtrinh\" id=\"section_858039685\">\n\t\t<div class=\"section-bg fill\" >\n\t\t\t\t\t\t\t\t\t\n\t\t\t\n\n\t\t<\/div>\n\n\t\t\n\n\t\t<div class=\"section-content relative\">\n\t\t\t\n\n<div class=\"row\"  id=\"row-1934585227\">\n\n\n\t<div id=\"col-1141215979\" class=\"col small-12 large-12\"  >\n\t\t\t\t<div class=\"col-inner text-center\"  >\n\t\t\t\n\t\t\t\n\n<h2>KH\u00c1CH H\u00c0NG TIN D\u00d9NG<\/h2>\n\n  \n    <div class=\"row tindung large-columns-3 medium-columns- small-columns-2 slider row-slider slider-nav-reveal\"  data-flickity-options='{&quot;imagesLoaded&quot;: true, &quot;groupCells&quot;: &quot;100%&quot;, &quot;dragThreshold&quot; : 5, &quot;cellAlign&quot;: &quot;left&quot;,&quot;wrapAround&quot;: true,&quot;prevNextButtons&quot;: true,&quot;percentPosition&quot;: true,&quot;pageDots&quot;: false, &quot;rightToLeft&quot;: false, &quot;autoPlay&quot; : 3000}' >\n\n  <div class=\"gallery-col col\" >\n          <div class=\"col-inner\">\n            <a class=\"image-lightbox lightbox-gallery\" href=\"https:\/\/imbur.vs.id.vn\/wp-content\/uploads\/2025\/09\/Rectangle-10.png\" title=\"\">            <div class=\"box has-hover gallery-box box-none\">\n              <div class=\"box-image\" >\n                <img loading=\"lazy\" decoding=\"async\" width=\"261\" height=\"400\" src=\"https:\/\/imbur.vs.id.vn\/wp-content\/uploads\/2025\/09\/Rectangle-10-261x400.png\" class=\"tindung\" alt=\"\" ids=\"734,735,736\" style=\"none\" type=\"slider\" columns=\"3\" auto_slide=\"3000\" srcset=\"https:\/\/imbur.vs.id.vn\/wp-content\/uploads\/2025\/09\/Rectangle-10-261x400.png 261w, https:\/\/imbur.vs.id.vn\/wp-content\/uploads\/2025\/09\/Rectangle-10-300x460.png 300w, https:\/\/imbur.vs.id.vn\/wp-content\/uploads\/2025\/09\/Rectangle-10.png 489w\" sizes=\"auto, (max-width: 261px) 100vw, 261px\" \/>                                                              <\/div>\n              <div class=\"box-text text-left\" >\n                 <p><\/p>\n              <\/div>\n            <\/div>\n            <\/a>          <\/div>\n         <\/div><div class=\"gallery-col col\" >\n          <div class=\"col-inner\">\n            <a class=\"image-lightbox lightbox-gallery\" href=\"https:\/\/imbur.vs.id.vn\/wp-content\/uploads\/2025\/09\/Rectangle-11.png\" title=\"\">            <div class=\"box has-hover gallery-box box-none\">\n              <div class=\"box-image\" >\n                <img loading=\"lazy\" decoding=\"async\" width=\"261\" height=\"400\" src=\"https:\/\/imbur.vs.id.vn\/wp-content\/uploads\/2025\/09\/Rectangle-11-261x400.png\" class=\"tindung\" alt=\"\" ids=\"734,735,736\" style=\"none\" type=\"slider\" columns=\"3\" auto_slide=\"3000\" srcset=\"https:\/\/imbur.vs.id.vn\/wp-content\/uploads\/2025\/09\/Rectangle-11-261x400.png 261w, https:\/\/imbur.vs.id.vn\/wp-content\/uploads\/2025\/09\/Rectangle-11-300x460.png 300w, https:\/\/imbur.vs.id.vn\/wp-content\/uploads\/2025\/09\/Rectangle-11.png 490w\" sizes=\"auto, (max-width: 261px) 100vw, 261px\" \/>                                                              <\/div>\n              <div class=\"box-text text-left\" >\n                 <p><\/p>\n              <\/div>\n            <\/div>\n            <\/a>          <\/div>\n         <\/div><div class=\"gallery-col col\" >\n          <div class=\"col-inner\">\n            <a class=\"image-lightbox lightbox-gallery\" href=\"https:\/\/imbur.vs.id.vn\/wp-content\/uploads\/2025\/09\/Rectangle-12.png\" title=\"\">            <div class=\"box has-hover gallery-box box-none\">\n              <div class=\"box-image\" >\n                <img loading=\"lazy\" decoding=\"async\" width=\"261\" height=\"400\" src=\"https:\/\/imbur.vs.id.vn\/wp-content\/uploads\/2025\/09\/Rectangle-12-261x400.png\" class=\"tindung\" alt=\"\" ids=\"734,735,736\" style=\"none\" type=\"slider\" columns=\"3\" auto_slide=\"3000\" srcset=\"https:\/\/imbur.vs.id.vn\/wp-content\/uploads\/2025\/09\/Rectangle-12-261x400.png 261w, https:\/\/imbur.vs.id.vn\/wp-content\/uploads\/2025\/09\/Rectangle-12-300x460.png 300w, https:\/\/imbur.vs.id.vn\/wp-content\/uploads\/2025\/09\/Rectangle-12.png 490w\" sizes=\"auto, (max-width: 261px) 100vw, 261px\" \/>                                                              <\/div>\n              <div class=\"box-text text-left\" >\n                 <p><\/p>\n              <\/div>\n            <\/div>\n            <\/a>          <\/div>\n         <\/div><\/div>\n\n\n  \n    <div class=\"row tindung large-columns-3 medium-columns- small-columns-2 slider row-slider slider-nav-reveal\"  data-flickity-options='{&quot;imagesLoaded&quot;: true, &quot;groupCells&quot;: &quot;100%&quot;, &quot;dragThreshold&quot; : 5, &quot;cellAlign&quot;: &quot;left&quot;,&quot;wrapAround&quot;: true,&quot;prevNextButtons&quot;: true,&quot;percentPosition&quot;: true,&quot;pageDots&quot;: false, &quot;rightToLeft&quot;: false, &quot;autoPlay&quot; : 3000}' >\n\n  <div class=\"gallery-col col\" >\n          <div class=\"col-inner\">\n            <a class=\"image-lightbox lightbox-gallery\" href=\"https:\/\/imbur.vs.id.vn\/wp-content\/uploads\/2025\/10\/video-1400x787.png\" title=\"\">            <div class=\"box has-hover gallery-box box-none\">\n              <div class=\"box-image\" >\n                <img loading=\"lazy\" decoding=\"async\" width=\"711\" height=\"400\" src=\"https:\/\/imbur.vs.id.vn\/wp-content\/uploads\/2025\/10\/video-711x400.png\" class=\"tindung\" alt=\"\" ids=\"1421,1422,1423\" style=\"none\" type=\"slider\" columns=\"3\" auto_slide=\"3000\" srcset=\"https:\/\/imbur.vs.id.vn\/wp-content\/uploads\/2025\/10\/video-711x400.png 711w, https:\/\/imbur.vs.id.vn\/wp-content\/uploads\/2025\/10\/video-1000x562.png 1000w, https:\/\/imbur.vs.id.vn\/wp-content\/uploads\/2025\/10\/video-600x337.png 600w, https:\/\/imbur.vs.id.vn\/wp-content\/uploads\/2025\/10\/video-1400x787.png 1400w, https:\/\/imbur.vs.id.vn\/wp-content\/uploads\/2025\/10\/video-768x432.png 768w, https:\/\/imbur.vs.id.vn\/wp-content\/uploads\/2025\/10\/video.png 1439w\" sizes=\"auto, (max-width: 711px) 100vw, 711px\" \/>                                                              <\/div>\n              <div class=\"box-text text-left\" >\n                 <p><\/p>\n              <\/div>\n            <\/div>\n            <\/a>          <\/div>\n         <\/div><div class=\"gallery-col col\" >\n          <div class=\"col-inner\">\n            <a class=\"image-lightbox lightbox-gallery\" href=\"https:\/\/imbur.vs.id.vn\/wp-content\/uploads\/2025\/10\/video-1-1400x787.png\" title=\"\">            <div class=\"box has-hover gallery-box box-none\">\n              <div class=\"box-image\" >\n                <img loading=\"lazy\" decoding=\"async\" width=\"711\" height=\"400\" src=\"https:\/\/imbur.vs.id.vn\/wp-content\/uploads\/2025\/10\/video-1-711x400.png\" class=\"tindung\" alt=\"\" ids=\"1421,1422,1423\" style=\"none\" type=\"slider\" columns=\"3\" auto_slide=\"3000\" srcset=\"https:\/\/imbur.vs.id.vn\/wp-content\/uploads\/2025\/10\/video-1-711x400.png 711w, https:\/\/imbur.vs.id.vn\/wp-content\/uploads\/2025\/10\/video-1-1000x562.png 1000w, https:\/\/imbur.vs.id.vn\/wp-content\/uploads\/2025\/10\/video-1-600x337.png 600w, https:\/\/imbur.vs.id.vn\/wp-content\/uploads\/2025\/10\/video-1-1400x787.png 1400w, https:\/\/imbur.vs.id.vn\/wp-content\/uploads\/2025\/10\/video-1-768x432.png 768w, https:\/\/imbur.vs.id.vn\/wp-content\/uploads\/2025\/10\/video-1.png 1439w\" sizes=\"auto, (max-width: 711px) 100vw, 711px\" \/>                                                              <\/div>\n              <div class=\"box-text text-left\" >\n                 <p><\/p>\n              <\/div>\n            <\/div>\n            <\/a>          <\/div>\n         <\/div><div class=\"gallery-col col\" >\n          <div class=\"col-inner\">\n            <a class=\"image-lightbox lightbox-gallery\" href=\"https:\/\/imbur.vs.id.vn\/wp-content\/uploads\/2025\/10\/video-2-1400x787.png\" title=\"\">            <div class=\"box has-hover gallery-box box-none\">\n              <div class=\"box-image\" >\n                <img loading=\"lazy\" decoding=\"async\" width=\"711\" height=\"400\" src=\"https:\/\/imbur.vs.id.vn\/wp-content\/uploads\/2025\/10\/video-2-711x400.png\" class=\"tindung\" alt=\"\" ids=\"1421,1422,1423\" style=\"none\" type=\"slider\" columns=\"3\" auto_slide=\"3000\" srcset=\"https:\/\/imbur.vs.id.vn\/wp-content\/uploads\/2025\/10\/video-2-711x400.png 711w, https:\/\/imbur.vs.id.vn\/wp-content\/uploads\/2025\/10\/video-2-1000x562.png 1000w, https:\/\/imbur.vs.id.vn\/wp-content\/uploads\/2025\/10\/video-2-600x337.png 600w, https:\/\/imbur.vs.id.vn\/wp-content\/uploads\/2025\/10\/video-2-1400x787.png 1400w, https:\/\/imbur.vs.id.vn\/wp-content\/uploads\/2025\/10\/video-2-768x432.png 768w, https:\/\/imbur.vs.id.vn\/wp-content\/uploads\/2025\/10\/video-2.png 1439w\" sizes=\"auto, (max-width: 711px) 100vw, 711px\" \/>                                                              <\/div>\n              <div class=\"box-text text-left\" >\n                 <p><\/p>\n              <\/div>\n            <\/div>\n            <\/a>          <\/div>\n         <\/div><\/div>\n\n\n\t\t<\/div>\n\t\t\t\t\t<\/div>\n\n\t\n\n<\/div>\n\n\t\t<\/div>\n\n\t\t\n<style>\n#section_858039685 {\n  padding-top: 30px;\n  padding-bottom: 30px;\n}\n<\/style>\n\t<\/section>\n\t\n\n","protected":false},"excerpt":{"rendered":"","protected":false},"author":1,"featured_media":0,"parent":0,"menu_order":0,"comment_status":"closed","ping_status":"closed","template":"page-blank.php","meta":{"_acf_changed":false,"footnotes":""},"class_list":["post-498","page","type-page","status-publish","hentry"],"acf":[],"_links":{"self":[{"href":"https:\/\/imbur.vs.id.vn\/index.php?rest_route=\/wp\/v2\/pages\/498","targetHints":{"allow":["GET"]}}],"collection":[{"href":"https:\/\/imbur.vs.id.vn\/index.php?rest_route=\/wp\/v2\/pages"}],"about":[{"href":"https:\/\/imbur.vs.id.vn\/index.php?rest_route=\/wp\/v2\/types\/page"}],"author":[{"embeddable":true,"href":"https:\/\/imbur.vs.id.vn\/index.php?rest_route=\/wp\/v2\/users\/1"}],"replies":[{"embeddable":true,"href":"https:\/\/imbur.vs.id.vn\/index.php?rest_route=%2Fwp%2Fv2%2Fcomments&post=498"}],"version-history":[{"count":26,"href":"https:\/\/imbur.vs.id.vn\/index.php?rest_route=\/wp\/v2\/pages\/498\/revisions"}],"predecessor-version":[{"id":1424,"href":"https:\/\/imbur.vs.id.vn\/index.php?rest_route=\/wp\/v2\/pages\/498\/revisions\/1424"}],"wp:attachment":[{"href":"https:\/\/imbur.vs.id.vn\/index.php?rest_route=%2Fwp%2Fv2%2Fmedia&parent=498"}],"curies":[{"name":"wp","href":"https:\/\/api.w.org\/{rel}","templated":true}]}}